{"id":5939,"date":"2023-03-11T19:45:48","date_gmt":"2023-03-11T19:45:48","guid":{"rendered":"https:\/\/sbtglobale.com\/?page_id=5939"},"modified":"2023-03-11T20:44:40","modified_gmt":"2023-03-11T20:44:40","slug":"store","status":"publish","type":"page","link":"https:\/\/sbtglobale.com\/?page_id=5939","title":{"rendered":""},"content":{"rendered":"\t\t<div data-elementor-type=\"wp-page\" data-elementor-id=\"5939\" class=\"elementor elementor-5939\">\n\t\t\t\t\t\t\t\t\t<section class=\"elementor-section elementor-top-section elementor-element elementor-element-36e11220 elementor-section-boxed elementor-section-height-default elementor-section-height-default\" data-id=\"36e11220\" data-element_type=\"section\">\n\t\t\t\t\t\t<div class=\"elementor-container elementor-column-gap-default\">\n\t\t\t\t\t<div class=\"elementor-column elementor-col-100 elementor-top-column elementor-element elementor-element-695976ba\" data-id=\"695976ba\" data-element_type=\"column\">\n\t\t\t<div class=\"elementor-widget-wrap elementor-element-populated\">\n\t\t\t\t\t\t\t\t<div class=\"elementor-element elementor-element-4085705a elementor-widget elementor-widget-heading\" data-id=\"4085705a\" data-element_type=\"widget\" data-widget_type=\"heading.default\">\n\t\t\t\t<div class=\"elementor-widget-container\">\n\t\t\t<style>\/*! elementor - v3.11.5 - 14-03-2023 *\/\n.elementor-heading-title{padding:0;margin:0;line-height:1}.elementor-widget-heading .elementor-heading-title[class*=elementor-size-]>a{color:inherit;font-size:inherit;line-height:inherit}.elementor-widget-heading .elementor-heading-title.elementor-size-small{font-size:15px}.elementor-widget-heading .elementor-heading-title.elementor-size-medium{font-size:19px}.elementor-widget-heading .elementor-heading-title.elementor-size-large{font-size:29px}.elementor-widget-heading .elementor-heading-title.elementor-size-xl{font-size:39px}.elementor-widget-heading .elementor-heading-title.elementor-size-xxl{font-size:59px}<\/style><h4 class=\"elementor-heading-title elementor-size-default\">TENTES<\/h4>\t\t<\/div>\n\t\t\t\t<\/div>\n\t\t\t\t<div class=\"elementor-element elementor-element-2e3befe elementor-widget elementor-widget-heading\" data-id=\"2e3befe\" data-element_type=\"widget\" data-widget_type=\"heading.default\">\n\t\t\t\t<div class=\"elementor-widget-container\">\n\t\t\t<h2 class=\"elementor-heading-title elementor-size-default\">Les tentes de r\u00e9ception professionnelles en PVC prot\u00e8gent efficacement contre le vent, la pluie et le soleil. Elles servent aussi d'abri chaleureux lorsque les soir\u00e9es sont fra\u00eeches. Une b\u00e2che en PVC dispose d'un tissu int\u00e9rieur tram\u00e9 solide et son poids varie en g\u00e9n\u00e9ral entre env. 500 g\/m\u00b2 et 850 g\/m\u00b2. Elle est donc environ deux \u00e0 trois fois plus lourde qu'une b\u00e2che en PE. Une b\u00e2che en PVC est extr\u00eamement robuste, peu sensible aux fissures de contrainte, et tr\u00e8s r\u00e9sistante aux facteurs climatiques externes. Si vous voulez acqu\u00e9rir un chapiteau qui durera dans le temps, nous vous recommandons d'opter pour une tente avec des b\u00e2ches en PVC<\/h2>\t\t<\/div>\n\t\t\t\t<\/div>\n\t\t\t\t<div class=\"elementor-element elementor-element-316b93ca gallery-spacing-custom elementor-widget elementor-widget-image-gallery\" data-id=\"316b93ca\" data-element_type=\"widget\" data-widget_type=\"image-gallery.default\">\n\t\t\t\t<div class=\"elementor-widget-container\">\n\t\t\t<style>\/*! elementor - v3.11.5 - 14-03-2023 *\/\n.elementor-image-gallery .gallery-item{display:inline-block;text-align:center;vertical-align:top;width:100%;max-width:100%;margin:0 auto}.elementor-image-gallery .gallery-item img{margin:0 auto}.elementor-image-gallery .gallery-item .gallery-caption{margin:0}.elementor-image-gallery figure img{display:block}.elementor-image-gallery figure figcaption{width:100%}.gallery-spacing-custom .elementor-image-gallery .gallery-icon{padding:0}@media (min-width:768px){.elementor-image-gallery .gallery-columns-2 .gallery-item{max-width:50%}.elementor-image-gallery .gallery-columns-3 .gallery-item{max-width:33.33%}.elementor-image-gallery .gallery-columns-4 .gallery-item{max-width:25%}.elementor-image-gallery .gallery-columns-5 .gallery-item{max-width:20%}.elementor-image-gallery .gallery-columns-6 .gallery-item{max-width:16.666%}.elementor-image-gallery .gallery-columns-7 .gallery-item{max-width:14.28%}.elementor-image-gallery .gallery-columns-8 .gallery-item{max-width:12.5%}.elementor-image-gallery .gallery-columns-9 .gallery-item{max-width:11.11%}.elementor-image-gallery .gallery-columns-10 .gallery-item{max-width:10%}}@media (min-width:480px) and (max-width:767px){.elementor-image-gallery .gallery.gallery-columns-2 .gallery-item,.elementor-image-gallery .gallery.gallery-columns-3 .gallery-item,.elementor-image-gallery .gallery.gallery-columns-4 .gallery-item,.elementor-image-gallery .gallery.gallery-columns-5 .gallery-item,.elementor-image-gallery .gallery.gallery-columns-6 .gallery-item,.elementor-image-gallery .gallery.gallery-columns-7 .gallery-item,.elementor-image-gallery .gallery.gallery-columns-8 .gallery-item,.elementor-image-gallery .gallery.gallery-columns-9 .gallery-item,.elementor-image-gallery .gallery.gallery-columns-10 .gallery-item{max-width:50%}}@media (max-width:479px){.elementor-image-gallery .gallery.gallery-columns-2 .gallery-item,.elementor-image-gallery .gallery.gallery-columns-3 .gallery-item,.elementor-image-gallery .gallery.gallery-columns-4 .gallery-item,.elementor-image-gallery .gallery.gallery-columns-5 .gallery-item,.elementor-image-gallery .gallery.gallery-columns-6 .gallery-item,.elementor-image-gallery .gallery.gallery-columns-7 .gallery-item,.elementor-image-gallery .gallery.gallery-columns-8 .gallery-item,.elementor-image-gallery .gallery.gallery-columns-9 .gallery-item,.elementor-image-gallery .gallery.gallery-columns-10 .gallery-item{max-width:100%}}<\/style>\t\t<div class=\"elementor-image-gallery\">\n\t\t\t\n\t\t<style type=\"text\/css\">\n\t\t\t#gallery-1 {\n\t\t\t\tmargin: auto;\n\t\t\t}\n\t\t\t#gallery-1 .gallery-item {\n\t\t\t\tfloat: left;\n\t\t\t\tmargin-top: 10px;\n\t\t\t\ttext-align: center;\n\t\t\t\twidth: 33%;\n\t\t\t}\n\t\t\t#gallery-1 img {\n\t\t\t\tborder: 2px solid #cfcfcf;\n\t\t\t}\n\t\t\t#gallery-1 .gallery-caption {\n\t\t\t\tmargin-left: 0;\n\t\t\t}\n\t\t\t\/* see gallery_shortcode() in wp-includes\/media.php *\/\n\t\t<\/style>\n\t\t<div id='gallery-1' class='gallery galleryid-5939 gallery-columns-3 gallery-size-full'><dl class='gallery-item'>\n\t\t\t<dt class='gallery-icon landscape'>\n\t\t\t\t<img width=\"576\" height=\"576\" src=\"https:\/\/sbtglobale.com\/wp-content\/uploads\/2023\/03\/1606677039214_1.jpg\" class=\"attachment-full size-full\" alt=\"\" decoding=\"async\" loading=\"lazy\" srcset=\"https:\/\/sbtglobale.com\/wp-content\/uploads\/2023\/03\/1606677039214_1.jpg 576w, https:\/\/sbtglobale.com\/wp-content\/uploads\/2023\/03\/1606677039214_1-300x300.jpg 300w, https:\/\/sbtglobale.com\/wp-content\/uploads\/2023\/03\/1606677039214_1-150x150.jpg 150w, https:\/\/sbtglobale.com\/wp-content\/uploads\/2023\/03\/1606677039214_1-400x400.jpg 400w\" sizes=\"(max-width: 576px) 100vw, 576px\" \/>\n\t\t\t<\/dt><\/dl><dl class='gallery-item'>\n\t\t\t<dt class='gallery-icon landscape'>\n\t\t\t\t<img width=\"1280\" height=\"934\" src=\"https:\/\/sbtglobale.com\/wp-content\/uploads\/2023\/03\/IMG-20200812-WA0015.jpg\" class=\"attachment-full size-full\" alt=\"\" decoding=\"async\" loading=\"lazy\" srcset=\"https:\/\/sbtglobale.com\/wp-content\/uploads\/2023\/03\/IMG-20200812-WA0015.jpg 1280w, https:\/\/sbtglobale.com\/wp-content\/uploads\/2023\/03\/IMG-20200812-WA0015-300x219.jpg 300w, https:\/\/sbtglobale.com\/wp-content\/uploads\/2023\/03\/IMG-20200812-WA0015-1024x747.jpg 1024w, https:\/\/sbtglobale.com\/wp-content\/uploads\/2023\/03\/IMG-20200812-WA0015-768x560.jpg 768w\" sizes=\"(max-width: 1280px) 100vw, 1280px\" \/>\n\t\t\t<\/dt><\/dl><dl class='gallery-item'>\n\t\t\t<dt class='gallery-icon portrait'>\n\t\t\t\t<img width=\"527\" height=\"529\" src=\"https:\/\/sbtglobale.com\/wp-content\/uploads\/2023\/03\/FB_IMG_1488315037822_1.jpg\" class=\"attachment-full size-full\" alt=\"\" decoding=\"async\" loading=\"lazy\" srcset=\"https:\/\/sbtglobale.com\/wp-content\/uploads\/2023\/03\/FB_IMG_1488315037822_1.jpg 527w, https:\/\/sbtglobale.com\/wp-content\/uploads\/2023\/03\/FB_IMG_1488315037822_1-300x300.jpg 300w, https:\/\/sbtglobale.com\/wp-content\/uploads\/2023\/03\/FB_IMG_1488315037822_1-150x150.jpg 150w\" sizes=\"(max-width: 527px) 100vw, 527px\" \/>\n\t\t\t<\/dt><\/dl><br style=\"clear: both\" \/><dl class='gallery-item'>\n\t\t\t<dt class='gallery-icon landscape'>\n\t\t\t\t<img width=\"720\" height=\"540\" src=\"https:\/\/sbtglobale.com\/wp-content\/uploads\/2023\/03\/IMG-20190407-WA0008_1.jpg\" class=\"attachment-full size-full\" alt=\"\" decoding=\"async\" loading=\"lazy\" srcset=\"https:\/\/sbtglobale.com\/wp-content\/uploads\/2023\/03\/IMG-20190407-WA0008_1.jpg 720w, https:\/\/sbtglobale.com\/wp-content\/uploads\/2023\/03\/IMG-20190407-WA0008_1-300x225.jpg 300w\" sizes=\"(max-width: 720px) 100vw, 720px\" \/>\n\t\t\t<\/dt><\/dl><dl class='gallery-item'>\n\t\t\t<dt class='gallery-icon landscape'>\n\t\t\t\t<img width=\"1032\" height=\"774\" src=\"https:\/\/sbtglobale.com\/wp-content\/uploads\/2023\/03\/IMG-20200812-WA0016.jpg\" class=\"attachment-full size-full\" alt=\"\" decoding=\"async\" loading=\"lazy\" srcset=\"https:\/\/sbtglobale.com\/wp-content\/uploads\/2023\/03\/IMG-20200812-WA0016.jpg 1032w, https:\/\/sbtglobale.com\/wp-content\/uploads\/2023\/03\/IMG-20200812-WA0016-300x225.jpg 300w, https:\/\/sbtglobale.com\/wp-content\/uploads\/2023\/03\/IMG-20200812-WA0016-1024x768.jpg 1024w, https:\/\/sbtglobale.com\/wp-content\/uploads\/2023\/03\/IMG-20200812-WA0016-768x576.jpg 768w\" sizes=\"(max-width: 1032px) 100vw, 1032px\" \/>\n\t\t\t<\/dt><\/dl><dl class='gallery-item'>\n\t\t\t<dt class='gallery-icon landscape'>\n\t\t\t\t<img width=\"640\" height=\"480\" src=\"https:\/\/sbtglobale.com\/wp-content\/uploads\/2023\/03\/IMG-20210319-WA0011_1.jpg\" class=\"attachment-full size-full\" alt=\"\" decoding=\"async\" loading=\"lazy\" srcset=\"https:\/\/sbtglobale.com\/wp-content\/uploads\/2023\/03\/IMG-20210319-WA0011_1.jpg 640w, https:\/\/sbtglobale.com\/wp-content\/uploads\/2023\/03\/IMG-20210319-WA0011_1-300x225.jpg 300w\" sizes=\"(max-width: 640px) 100vw, 640px\" \/>\n\t\t\t<\/dt><\/dl><br style=\"clear: both\" \/><dl class='gallery-item'>\n\t\t\t<dt class='gallery-icon landscape'>\n\t\t\t\t<img width=\"720\" height=\"540\" src=\"https:\/\/sbtglobale.com\/wp-content\/uploads\/2023\/03\/WhatsApp-Image-2020-12-31-at-16.51.39-2.jpeg\" class=\"attachment-full size-full\" alt=\"\" decoding=\"async\" loading=\"lazy\" srcset=\"https:\/\/sbtglobale.com\/wp-content\/uploads\/2023\/03\/WhatsApp-Image-2020-12-31-at-16.51.39-2.jpeg 720w, https:\/\/sbtglobale.com\/wp-content\/uploads\/2023\/03\/WhatsApp-Image-2020-12-31-at-16.51.39-2-300x225.jpeg 300w\" sizes=\"(max-width: 720px) 100vw, 720px\" \/>\n\t\t\t<\/dt><\/dl><dl class='gallery-item'>\n\t\t\t<dt class='gallery-icon landscape'>\n\t\t\t\t<img width=\"552\" height=\"349\" src=\"https:\/\/sbtglobale.com\/wp-content\/uploads\/2023\/03\/IMG-20200910-WA0040_1.jpg\" class=\"attachment-full size-full\" alt=\"\" decoding=\"async\" loading=\"lazy\" srcset=\"https:\/\/sbtglobale.com\/wp-content\/uploads\/2023\/03\/IMG-20200910-WA0040_1.jpg 552w, https:\/\/sbtglobale.com\/wp-content\/uploads\/2023\/03\/IMG-20200910-WA0040_1-300x190.jpg 300w\" sizes=\"(max-width: 552px) 100vw, 552px\" \/>\n\t\t\t<\/dt><\/dl>\n\t\t\t<br style='clear: both' \/>\n\t\t<\/div>\n\t\t<\/div>\n\t\t\t\t<\/div>\n\t\t\t\t<\/div>\n\t\t\t\t\t<\/div>\n\t\t<\/div>\n\t\t\t\t\t\t\t<\/div>\n\t\t<\/section>\n\t\t\t\t<section class=\"elementor-section elementor-top-section elementor-element elementor-element-b315205 elementor-section-boxed elementor-section-height-default elementor-section-height-default\" data-id=\"b315205\" data-element_type=\"section\">\n\t\t\t\t\t\t<div class=\"elementor-container elementor-column-gap-default\">\n\t\t\t\t\t<div class=\"elementor-column elementor-col-100 elementor-top-column elementor-element elementor-element-1f84abd\" data-id=\"1f84abd\" data-element_type=\"column\">\n\t\t\t<div class=\"elementor-widget-wrap elementor-element-populated\">\n\t\t\t\t\t\t\t\t<div class=\"elementor-element elementor-element-ec53ac1 elementor-widget elementor-widget-prooty_elementor_ova_icon_list\" data-id=\"ec53ac1\" data-element_type=\"widget\" data-widget_type=\"prooty_elementor_ova_icon_list.default\">\n\t\t\t\t<div class=\"elementor-widget-container\">\n\t\t\t\n\t\t \t\n\t            <div class=\"ova-icon-list ova-icon-list-template1 two_column\">\n\t            \t\n\t\t\t         \n\t\t\t\t\t<div class=\"item\">\n\t\t\t\t\t\t\t\t\t\t\t\t\t<div class=\"icon\">\n\t\t\t\t\t\t\t\t<i class=\"ovaicon ovaicon-checked\"><\/i>\n\t\t\t\t\t\t\t<\/div>\n\t\t\t\t\t\t\n\t\t\t\t\t\t\t\t\t\t\t\t\t<h3 class=\"title\">\n\t\t\t\t\t\t\t\t\t\t\n\t\t\t                    \t\t\t\t\t\t\t\t\tExcellente protection contre les intemp\u00e9ries\n\t\t\t\t\t\t\t    \n\t\t\t\t\t\t\t<\/h3>\n\t\t\t\t\t\t\t\t\t\t\t<\/div>\n\n\t\t\t\t\t\n\t\t\t\t\t<div class=\"item\">\n\t\t\t\t\t\t\t\t\t\t\t\t\t<div class=\"icon\">\n\t\t\t\t\t\t\t\t<i class=\"ovaicon ovaicon-checked\"><\/i>\n\t\t\t\t\t\t\t<\/div>\n\t\t\t\t\t\t\n\t\t\t\t\t\t\t\t\t\t\t\t\t<h3 class=\"title\">\n\t\t\t\t\t\t\t\t\t\t\n\t\t\t                    \t\t\t\t\t\t\t\t\tDur\u00e9e de vie \u00e9lev\u00e9e\n\t\t\t\t\t\t\t    \n\t\t\t\t\t\t\t<\/h3>\n\t\t\t\t\t\t\t\t\t\t\t<\/div>\n\n\t\t\t\t\t\n\t\t\t\t\t<div class=\"item\">\n\t\t\t\t\t\t\t\t\t\t\t\t\t<div class=\"icon\">\n\t\t\t\t\t\t\t\t<i class=\"far fa-check-circle\"><\/i>\n\t\t\t\t\t\t\t<\/div>\n\t\t\t\t\t\t\n\t\t\t\t\t\t\t\t\t\t\t\t\t<h3 class=\"title\">\n\t\t\t\t\t\t\t\t\t\t\n\t\t\t                    \t\t\t\t\t\t\t\t\tTr\u00e8s bonne r\u00e9sistance aux facteurs climatiques externes\n\t\t\t\t\t\t\t    \n\t\t\t\t\t\t\t<\/h3>\n\t\t\t\t\t\t\t\t\t\t\t<\/div>\n\n\t\t\t\t\t\n\t\t\t\t\t<div class=\"item\">\n\t\t\t\t\t\t\t\t\t\t\t\t\t<div class=\"icon\">\n\t\t\t\t\t\t\t\t<i class=\"far fa-check-circle\"><\/i>\n\t\t\t\t\t\t\t<\/div>\n\t\t\t\t\t\t\n\t\t\t\t\t\t\t\t\t\t\t\t\t<h3 class=\"title\">\n\t\t\t\t\t\t\t\t\t\t\n\t\t\t                    \t\t\t\t\t\t\t\t\tR\u00e9sistance aux fissures\n\t\t\t\t\t\t\t    \n\t\t\t\t\t\t\t<\/h3>\n\t\t\t\t\t\t\t\t\t\t\t<\/div>\n\n\t\t\t\t\t\n\t\t\t\t\t<div class=\"item\">\n\t\t\t\t\t\t\t\t\t\t\t\t\t<div class=\"icon\">\n\t\t\t\t\t\t\t\t<i class=\"far fa-check-circle\"><\/i>\n\t\t\t\t\t\t\t<\/div>\n\t\t\t\t\t\t\n\t\t\t\t\t\t\t\t\t\t\t\t\t<h3 class=\"title\">\n\t\t\t\t\t\t\t\t\t\t\n\t\t\t                    \t\t\t\t\t\t\t\t\tMat\u00e9riau difficilement inflammable\n\t\t\t\t\t\t\t    \n\t\t\t\t\t\t\t<\/h3>\n\t\t\t\t\t\t\t\t\t\t\t<\/div>\n\n\t\t\t\t\t\n\t\t\t\t\t<div class=\"item\">\n\t\t\t\t\t\t\t\t\t\t\t\t\t<div class=\"icon\">\n\t\t\t\t\t\t\t\t<i class=\"far fa-check-circle\"><\/i>\n\t\t\t\t\t\t\t<\/div>\n\t\t\t\t\t\t\n\t\t\t\t\t\t\t\t\t\t\t\t\t<h3 class=\"title\">\n\t\t\t\t\t\t\t\t\t\t\n\t\t\t                    \t\t\t\t\t\t\t\t\tMeilleure protection contre le mauvais temps\n\t\t\t\t\t\t\t    \n\t\t\t\t\t\t\t<\/h3>\n\t\t\t\t\t\t\t\t\t\t\t<\/div>\n\n\t\t\t\t\t\n\t\t\t\t\t<div class=\"item\">\n\t\t\t\t\t\t\t\t\t\t\t\t\t<div class=\"icon\">\n\t\t\t\t\t\t\t\t<i class=\"far fa-check-circle\"><\/i>\n\t\t\t\t\t\t\t<\/div>\n\t\t\t\t\t\t\n\t\t\t\t\t\t\t\t\t\t\t\t\t<h3 class=\"title\">\n\t\t\t\t\t\t\t\t\t\t\n\t\t\t                    \t\t\t\t\t\t\t\t\tR\u00e9sistance aux sollicitations climatiques\n\t\t\t\t\t\t\t    \n\t\t\t\t\t\t\t<\/h3>\n\t\t\t\t\t\t\t\t\t\t\t<\/div>\n\n\t\t\t\t\t\n\t\t\t\t<\/div>\n\n\t\t\t\n\t\t\t\t<\/div>\n\t\t\t\t<\/div>\n\t\t\t\t\t<\/div>\n\t\t<\/div>\n\t\t\t\t\t\t\t<\/div>\n\t\t<\/section>\n\t\t\t\t\t\t\t<\/div>\n\t\t","protected":false},"excerpt":{"rendered":"<p>TENTES Les tentes de r\u00e9ception professionnelles en PVC prot\u00e8gent efficacement contre le vent, la pluie et le soleil. Elles servent aussi d&#8217;abri chaleureux lorsque les soir\u00e9es sont fra\u00eeches. Une b\u00e2che en PVC dispose d&#8217;un tissu int\u00e9rieur tram\u00e9 solide et son poids varie en g\u00e9n\u00e9ral entre env. 500 g\/m\u00b2 et 850 g\/m\u00b2. Elle est donc environ [&hellip;]<\/p>\n","protected":false},"author":1,"featured_media":0,"parent":0,"menu_order":0,"comment_status":"closed","ping_status":"closed","template":"","meta":{"_joinchat":[]},"_links":{"self":[{"href":"https:\/\/sbtglobale.com\/index.php?rest_route=\/wp\/v2\/pages\/5939"}],"collection":[{"href":"https:\/\/sbtglobale.com\/index.php?rest_route=\/wp\/v2\/pages"}],"about":[{"href":"https:\/\/sbtglobale.com\/index.php?rest_route=\/wp\/v2\/types\/page"}],"author":[{"embeddable":true,"href":"https:\/\/sbtglobale.com\/index.php?rest_route=\/wp\/v2\/users\/1"}],"replies":[{"embeddable":true,"href":"https:\/\/sbtglobale.com\/index.php?rest_route=%2Fwp%2Fv2%2Fcomments&post=5939"}],"version-history":[{"count":23,"href":"https:\/\/sbtglobale.com\/index.php?rest_route=\/wp\/v2\/pages\/5939\/revisions"}],"predecessor-version":[{"id":5990,"href":"https:\/\/sbtglobale.com\/index.php?rest_route=\/wp\/v2\/pages\/5939\/revisions\/5990"}],"wp:attachment":[{"href":"https:\/\/sbtglobale.com\/index.php?rest_route=%2Fwp%2Fv2%2Fmedia&parent=5939"}],"curies":[{"name":"wp","href":"https:\/\/api.w.org\/{rel}","templated":true}]}}