{"id":5971,"date":"2023-03-11T20:42:19","date_gmt":"2023-03-11T20:42:19","guid":{"rendered":"https:\/\/sbtglobale.com\/?page_id=5971"},"modified":"2023-03-11T20:45:06","modified_gmt":"2023-03-11T20:45:06","slug":"tentes","status":"publish","type":"page","link":"https:\/\/sbtglobale.com\/?page_id=5971","title":{"rendered":""},"content":{"rendered":"\t\t<div data-elementor-type=\"wp-page\" data-elementor-id=\"5971\" class=\"elementor elementor-5971\">\n\t\t\t\t\t\t\t\t\t<section class=\"elementor-section elementor-top-section elementor-element elementor-element-f68e253 elementor-section-boxed elementor-section-height-default elementor-section-height-default\" data-id=\"f68e253\" data-element_type=\"section\">\n\t\t\t\t\t\t<div class=\"elementor-container elementor-column-gap-default\">\n\t\t\t\t\t<div class=\"elementor-column elementor-col-100 elementor-top-column elementor-element elementor-element-3725af0\" data-id=\"3725af0\" data-element_type=\"column\">\n\t\t\t<div class=\"elementor-widget-wrap elementor-element-populated\">\n\t\t\t\t\t\t\t\t<div class=\"elementor-element elementor-element-491b871 elementor-widget elementor-widget-heading\" data-id=\"491b871\" data-element_type=\"widget\" data-widget_type=\"heading.default\">\n\t\t\t\t<div class=\"elementor-widget-container\">\n\t\t\t<style>\/*! elementor - v3.11.5 - 14-03-2023 *\/\n.elementor-heading-title{padding:0;margin:0;line-height:1}.elementor-widget-heading .elementor-heading-title[class*=elementor-size-]>a{color:inherit;font-size:inherit;line-height:inherit}.elementor-widget-heading .elementor-heading-title.elementor-size-small{font-size:15px}.elementor-widget-heading .elementor-heading-title.elementor-size-medium{font-size:19px}.elementor-widget-heading .elementor-heading-title.elementor-size-large{font-size:29px}.elementor-widget-heading .elementor-heading-title.elementor-size-xl{font-size:39px}.elementor-widget-heading .elementor-heading-title.elementor-size-xxl{font-size:59px}<\/style><h4 class=\"elementor-heading-title elementor-size-default\">STORES<\/h4>\t\t<\/div>\n\t\t\t\t<\/div>\n\t\t\t\t<div class=\"elementor-element elementor-element-526f9a5 elementor-widget elementor-widget-heading\" data-id=\"526f9a5\" data-element_type=\"widget\" data-widget_type=\"heading.default\">\n\t\t\t\t<div class=\"elementor-widget-container\">\n\t\t\t<h2 class=\"elementor-heading-title elementor-size-default\">Les stores ont pour fonction principale de prot\u00e9ger  votre habitat de la lumi\u00e8re directe du soleil \nCertains stores, permettent m\u00eame de contr\u00f4ler le d\u00e9bit lumineux. Ainsi, le store vous prot\u00e8ge de la chaleur. Il existe diff\u00e9rents types de stores pour chaque situation de la maison \nDe nombreux coloris et motifs de tissus pour store d'int\u00e9rieur sont disponibles. Le choix entre un tissu occultant ou tamisant vous est \u00e9galement propos\u00e9 <\/h2>\t\t<\/div>\n\t\t\t\t<\/div>\n\t\t\t\t<div class=\"elementor-element elementor-element-7d29fac gallery-spacing-custom elementor-widget elementor-widget-image-gallery\" data-id=\"7d29fac\" data-element_type=\"widget\" data-widget_type=\"image-gallery.default\">\n\t\t\t\t<div class=\"elementor-widget-container\">\n\t\t\t<style>\/*! elementor - v3.11.5 - 14-03-2023 *\/\n.elementor-image-gallery .gallery-item{display:inline-block;text-align:center;vertical-align:top;width:100%;max-width:100%;margin:0 auto}.elementor-image-gallery .gallery-item img{margin:0 auto}.elementor-image-gallery .gallery-item .gallery-caption{margin:0}.elementor-image-gallery figure img{display:block}.elementor-image-gallery figure figcaption{width:100%}.gallery-spacing-custom .elementor-image-gallery .gallery-icon{padding:0}@media (min-width:768px){.elementor-image-gallery .gallery-columns-2 .gallery-item{max-width:50%}.elementor-image-gallery .gallery-columns-3 .gallery-item{max-width:33.33%}.elementor-image-gallery .gallery-columns-4 .gallery-item{max-width:25%}.elementor-image-gallery .gallery-columns-5 .gallery-item{max-width:20%}.elementor-image-gallery .gallery-columns-6 .gallery-item{max-width:16.666%}.elementor-image-gallery .gallery-columns-7 .gallery-item{max-width:14.28%}.elementor-image-gallery .gallery-columns-8 .gallery-item{max-width:12.5%}.elementor-image-gallery .gallery-columns-9 .gallery-item{max-width:11.11%}.elementor-image-gallery .gallery-columns-10 .gallery-item{max-width:10%}}@media (min-width:480px) and (max-width:767px){.elementor-image-gallery .gallery.gallery-columns-2 .gallery-item,.elementor-image-gallery .gallery.gallery-columns-3 .gallery-item,.elementor-image-gallery .gallery.gallery-columns-4 .gallery-item,.elementor-image-gallery .gallery.gallery-columns-5 .gallery-item,.elementor-image-gallery .gallery.gallery-columns-6 .gallery-item,.elementor-image-gallery .gallery.gallery-columns-7 .gallery-item,.elementor-image-gallery .gallery.gallery-columns-8 .gallery-item,.elementor-image-gallery .gallery.gallery-columns-9 .gallery-item,.elementor-image-gallery .gallery.gallery-columns-10 .gallery-item{max-width:50%}}@media (max-width:479px){.elementor-image-gallery .gallery.gallery-columns-2 .gallery-item,.elementor-image-gallery .gallery.gallery-columns-3 .gallery-item,.elementor-image-gallery .gallery.gallery-columns-4 .gallery-item,.elementor-image-gallery .gallery.gallery-columns-5 .gallery-item,.elementor-image-gallery .gallery.gallery-columns-6 .gallery-item,.elementor-image-gallery .gallery.gallery-columns-7 .gallery-item,.elementor-image-gallery .gallery.gallery-columns-8 .gallery-item,.elementor-image-gallery .gallery.gallery-columns-9 .gallery-item,.elementor-image-gallery .gallery.gallery-columns-10 .gallery-item{max-width:100%}}<\/style>\t\t<div class=\"elementor-image-gallery\">\n\t\t\t\n\t\t<style type=\"text\/css\">\n\t\t\t#gallery-1 {\n\t\t\t\tmargin: auto;\n\t\t\t}\n\t\t\t#gallery-1 .gallery-item {\n\t\t\t\tfloat: left;\n\t\t\t\tmargin-top: 10px;\n\t\t\t\ttext-align: center;\n\t\t\t\twidth: 33%;\n\t\t\t}\n\t\t\t#gallery-1 img {\n\t\t\t\tborder: 2px solid #cfcfcf;\n\t\t\t}\n\t\t\t#gallery-1 .gallery-caption {\n\t\t\t\tmargin-left: 0;\n\t\t\t}\n\t\t\t\/* see gallery_shortcode() in wp-includes\/media.php *\/\n\t\t<\/style>\n\t\t<div id='gallery-1' class='gallery galleryid-5971 gallery-columns-3 gallery-size-full'><dl class='gallery-item'>\n\t\t\t<dt class='gallery-icon landscape'>\n\t\t\t\t<img width=\"700\" height=\"525\" src=\"https:\/\/sbtglobale.com\/wp-content\/uploads\/2023\/03\/IMG-20201227-WA0053-9.jpg\" class=\"attachment-full size-full\" alt=\"\" decoding=\"async\" loading=\"lazy\" srcset=\"https:\/\/sbtglobale.com\/wp-content\/uploads\/2023\/03\/IMG-20201227-WA0053-9.jpg 700w, https:\/\/sbtglobale.com\/wp-content\/uploads\/2023\/03\/IMG-20201227-WA0053-9-300x225.jpg 300w\" sizes=\"(max-width: 700px) 100vw, 700px\" \/>\n\t\t\t<\/dt><\/dl><dl class='gallery-item'>\n\t\t\t<dt class='gallery-icon landscape'>\n\t\t\t\t<img width=\"1600\" height=\"1200\" src=\"https:\/\/sbtglobale.com\/wp-content\/uploads\/2023\/03\/FB_IMG_1677890662592-1.jpg\" class=\"attachment-full size-full\" alt=\"\" decoding=\"async\" loading=\"lazy\" srcset=\"https:\/\/sbtglobale.com\/wp-content\/uploads\/2023\/03\/FB_IMG_1677890662592-1.jpg 1600w, https:\/\/sbtglobale.com\/wp-content\/uploads\/2023\/03\/FB_IMG_1677890662592-1-300x225.jpg 300w, https:\/\/sbtglobale.com\/wp-content\/uploads\/2023\/03\/FB_IMG_1677890662592-1-1024x768.jpg 1024w, https:\/\/sbtglobale.com\/wp-content\/uploads\/2023\/03\/FB_IMG_1677890662592-1-768x576.jpg 768w, https:\/\/sbtglobale.com\/wp-content\/uploads\/2023\/03\/FB_IMG_1677890662592-1-1536x1152.jpg 1536w\" sizes=\"(max-width: 1600px) 100vw, 1600px\" \/>\n\t\t\t<\/dt><\/dl><dl class='gallery-item'>\n\t\t\t<dt class='gallery-icon landscape'>\n\t\t\t\t<img width=\"2048\" height=\"1536\" src=\"https:\/\/sbtglobale.com\/wp-content\/uploads\/2023\/03\/FB_IMG_1677890762930-1.jpg\" class=\"attachment-full size-full\" alt=\"\" decoding=\"async\" loading=\"lazy\" srcset=\"https:\/\/sbtglobale.com\/wp-content\/uploads\/2023\/03\/FB_IMG_1677890762930-1.jpg 2048w, https:\/\/sbtglobale.com\/wp-content\/uploads\/2023\/03\/FB_IMG_1677890762930-1-300x225.jpg 300w, https:\/\/sbtglobale.com\/wp-content\/uploads\/2023\/03\/FB_IMG_1677890762930-1-1024x768.jpg 1024w, https:\/\/sbtglobale.com\/wp-content\/uploads\/2023\/03\/FB_IMG_1677890762930-1-768x576.jpg 768w, https:\/\/sbtglobale.com\/wp-content\/uploads\/2023\/03\/FB_IMG_1677890762930-1-1536x1152.jpg 1536w\" sizes=\"(max-width: 2048px) 100vw, 2048px\" \/>\n\t\t\t<\/dt><\/dl><br style=\"clear: both\" \/><dl class='gallery-item'>\n\t\t\t<dt class='gallery-icon landscape'>\n\t\t\t\t<img width=\"667\" height=\"667\" src=\"https:\/\/sbtglobale.com\/wp-content\/uploads\/2023\/03\/IMG-20201227-WA0044-5.jpg\" class=\"attachment-full size-full\" alt=\"\" decoding=\"async\" loading=\"lazy\" srcset=\"https:\/\/sbtglobale.com\/wp-content\/uploads\/2023\/03\/IMG-20201227-WA0044-5.jpg 667w, https:\/\/sbtglobale.com\/wp-content\/uploads\/2023\/03\/IMG-20201227-WA0044-5-300x300.jpg 300w, https:\/\/sbtglobale.com\/wp-content\/uploads\/2023\/03\/IMG-20201227-WA0044-5-150x150.jpg 150w, https:\/\/sbtglobale.com\/wp-content\/uploads\/2023\/03\/IMG-20201227-WA0044-5-400x400.jpg 400w\" sizes=\"(max-width: 667px) 100vw, 667px\" \/>\n\t\t\t<\/dt><\/dl><dl class='gallery-item'>\n\t\t\t<dt class='gallery-icon landscape'>\n\t\t\t\t<img width=\"700\" height=\"700\" src=\"https:\/\/sbtglobale.com\/wp-content\/uploads\/2023\/03\/IMG-20201227-WA0047-8.jpg\" class=\"attachment-full size-full\" alt=\"\" decoding=\"async\" loading=\"lazy\" srcset=\"https:\/\/sbtglobale.com\/wp-content\/uploads\/2023\/03\/IMG-20201227-WA0047-8.jpg 700w, https:\/\/sbtglobale.com\/wp-content\/uploads\/2023\/03\/IMG-20201227-WA0047-8-300x300.jpg 300w, https:\/\/sbtglobale.com\/wp-content\/uploads\/2023\/03\/IMG-20201227-WA0047-8-150x150.jpg 150w, https:\/\/sbtglobale.com\/wp-content\/uploads\/2023\/03\/IMG-20201227-WA0047-8-400x400.jpg 400w\" sizes=\"(max-width: 700px) 100vw, 700px\" \/>\n\t\t\t<\/dt><\/dl><dl class='gallery-item'>\n\t\t\t<dt class='gallery-icon landscape'>\n\t\t\t\t<img width=\"1136\" height=\"714\" src=\"https:\/\/sbtglobale.com\/wp-content\/uploads\/2023\/03\/FB_IMG_1677890792526-1.jpg\" class=\"attachment-full size-full\" alt=\"\" decoding=\"async\" loading=\"lazy\" srcset=\"https:\/\/sbtglobale.com\/wp-content\/uploads\/2023\/03\/FB_IMG_1677890792526-1.jpg 1136w, https:\/\/sbtglobale.com\/wp-content\/uploads\/2023\/03\/FB_IMG_1677890792526-1-300x189.jpg 300w, https:\/\/sbtglobale.com\/wp-content\/uploads\/2023\/03\/FB_IMG_1677890792526-1-1024x644.jpg 1024w, https:\/\/sbtglobale.com\/wp-content\/uploads\/2023\/03\/FB_IMG_1677890792526-1-768x483.jpg 768w\" sizes=\"(max-width: 1136px) 100vw, 1136px\" \/>\n\t\t\t<\/dt><\/dl><br style=\"clear: both\" \/><dl class='gallery-item'>\n\t\t\t<dt class='gallery-icon landscape'>\n\t\t\t\t<img width=\"1080\" height=\"525\" src=\"https:\/\/sbtglobale.com\/wp-content\/uploads\/2023\/03\/IMG-20201227-WA0048.jpg\" class=\"attachment-full size-full\" alt=\"\" decoding=\"async\" loading=\"lazy\" srcset=\"https:\/\/sbtglobale.com\/wp-content\/uploads\/2023\/03\/IMG-20201227-WA0048.jpg 1080w, https:\/\/sbtglobale.com\/wp-content\/uploads\/2023\/03\/IMG-20201227-WA0048-300x146.jpg 300w, https:\/\/sbtglobale.com\/wp-content\/uploads\/2023\/03\/IMG-20201227-WA0048-1024x498.jpg 1024w, https:\/\/sbtglobale.com\/wp-content\/uploads\/2023\/03\/IMG-20201227-WA0048-768x373.jpg 768w\" sizes=\"(max-width: 1080px) 100vw, 1080px\" \/>\n\t\t\t<\/dt><\/dl><dl class='gallery-item'>\n\t\t\t<dt class='gallery-icon landscape'>\n\t\t\t\t<img width=\"940\" height=\"485\" src=\"https:\/\/sbtglobale.com\/wp-content\/uploads\/2023\/03\/FB_IMG_1677890640170-1.jpg\" class=\"attachment-full size-full\" alt=\"\" decoding=\"async\" loading=\"lazy\" srcset=\"https:\/\/sbtglobale.com\/wp-content\/uploads\/2023\/03\/FB_IMG_1677890640170-1.jpg 940w, https:\/\/sbtglobale.com\/wp-content\/uploads\/2023\/03\/FB_IMG_1677890640170-1-300x155.jpg 300w, https:\/\/sbtglobale.com\/wp-content\/uploads\/2023\/03\/FB_IMG_1677890640170-1-768x396.jpg 768w\" sizes=\"(max-width: 940px) 100vw, 940px\" \/>\n\t\t\t<\/dt><\/dl>\n\t\t\t<br style='clear: both' \/>\n\t\t<\/div>\n\t\t<\/div>\n\t\t\t\t<\/div>\n\t\t\t\t<\/div>\n\t\t\t\t\t<\/div>\n\t\t<\/div>\n\t\t\t\t\t\t\t<\/div>\n\t\t<\/section>\n\t\t\t\t<section class=\"elementor-section elementor-top-section elementor-element elementor-element-1777ef7 elementor-section-boxed elementor-section-height-default elementor-section-height-default\" data-id=\"1777ef7\" data-element_type=\"section\">\n\t\t\t\t\t\t<div class=\"elementor-container elementor-column-gap-default\">\n\t\t\t\t\t<div class=\"elementor-column elementor-col-100 elementor-top-column elementor-element elementor-element-0a61971\" data-id=\"0a61971\" data-element_type=\"column\">\n\t\t\t<div class=\"elementor-widget-wrap\">\n\t\t\t\t\t\t\t\t\t<\/div>\n\t\t<\/div>\n\t\t\t\t\t\t\t<\/div>\n\t\t<\/section>\n\t\t\t\t\t\t\t<\/div>\n\t\t","protected":false},"excerpt":{"rendered":"<p>STORES Les stores ont pour fonction principale de prot\u00e9ger votre habitat de la lumi\u00e8re directe du soleil Certains stores, permettent m\u00eame de contr\u00f4ler le d\u00e9bit lumineux. Ainsi, le store vous prot\u00e8ge de la chaleur. Il existe diff\u00e9rents types de stores pour chaque situation de la maison De nombreux coloris et motifs de tissus pour store [&hellip;]<\/p>\n","protected":false},"author":1,"featured_media":0,"parent":0,"menu_order":0,"comment_status":"closed","ping_status":"closed","template":"","meta":{"_joinchat":[]},"_links":{"self":[{"href":"https:\/\/sbtglobale.com\/index.php?rest_route=\/wp\/v2\/pages\/5971"}],"collection":[{"href":"https:\/\/sbtglobale.com\/index.php?rest_route=\/wp\/v2\/pages"}],"about":[{"href":"https:\/\/sbtglobale.com\/index.php?rest_route=\/wp\/v2\/types\/page"}],"author":[{"embeddable":true,"href":"https:\/\/sbtglobale.com\/index.php?rest_route=\/wp\/v2\/users\/1"}],"replies":[{"embeddable":true,"href":"https:\/\/sbtglobale.com\/index.php?rest_route=%2Fwp%2Fv2%2Fcomments&post=5971"}],"version-history":[{"count":5,"href":"https:\/\/sbtglobale.com\/index.php?rest_route=\/wp\/v2\/pages\/5971\/revisions"}],"predecessor-version":[{"id":5994,"href":"https:\/\/sbtglobale.com\/index.php?rest_route=\/wp\/v2\/pages\/5971\/revisions\/5994"}],"wp:attachment":[{"href":"https:\/\/sbtglobale.com\/index.php?rest_route=%2Fwp%2Fv2%2Fmedia&parent=5971"}],"curies":[{"name":"wp","href":"https:\/\/api.w.org\/{rel}","templated":true}]}}