{"id":6074,"date":"2023-03-12T01:52:49","date_gmt":"2023-03-12T01:52:49","guid":{"rendered":"https:\/\/sbtglobale.com\/?page_id=6074"},"modified":"2023-03-12T01:55:58","modified_gmt":"2023-03-12T01:55:58","slug":"bache-de-piscine","status":"publish","type":"page","link":"https:\/\/sbtglobale.com\/?page_id=6074","title":{"rendered":""},"content":{"rendered":"\t\t<div data-elementor-type=\"wp-page\" data-elementor-id=\"6074\" class=\"elementor elementor-6074\">\n\t\t\t\t\t\t\t\t\t<section class=\"elementor-section elementor-top-section elementor-element elementor-element-ddf5a55 elementor-section-boxed elementor-section-height-default elementor-section-height-default\" data-id=\"ddf5a55\" data-element_type=\"section\">\n\t\t\t\t\t\t<div class=\"elementor-container elementor-column-gap-default\">\n\t\t\t\t\t<div class=\"elementor-column elementor-col-100 elementor-top-column elementor-element elementor-element-e18dae0\" data-id=\"e18dae0\" data-element_type=\"column\">\n\t\t\t<div class=\"elementor-widget-wrap elementor-element-populated\">\n\t\t\t\t\t\t\t\t<div class=\"elementor-element elementor-element-a57b653 elementor-widget elementor-widget-heading\" data-id=\"a57b653\" data-element_type=\"widget\" data-widget_type=\"heading.default\">\n\t\t\t\t<div class=\"elementor-widget-container\">\n\t\t\t<style>\/*! elementor - v3.11.5 - 14-03-2023 *\/\n.elementor-heading-title{padding:0;margin:0;line-height:1}.elementor-widget-heading .elementor-heading-title[class*=elementor-size-]>a{color:inherit;font-size:inherit;line-height:inherit}.elementor-widget-heading .elementor-heading-title.elementor-size-small{font-size:15px}.elementor-widget-heading .elementor-heading-title.elementor-size-medium{font-size:19px}.elementor-widget-heading .elementor-heading-title.elementor-size-large{font-size:29px}.elementor-widget-heading .elementor-heading-title.elementor-size-xl{font-size:39px}.elementor-widget-heading .elementor-heading-title.elementor-size-xxl{font-size:59px}<\/style><h4 class=\"elementor-heading-title elementor-size-default\">b\u00e2che de piscine\n<\/h4>\t\t<\/div>\n\t\t\t\t<\/div>\n\t\t\t\t<div class=\"elementor-element elementor-element-308dd6e elementor-widget elementor-widget-heading\" data-id=\"308dd6e\" data-element_type=\"widget\" data-widget_type=\"heading.default\">\n\t\t\t\t<div class=\"elementor-widget-container\">\n\t\t\t<h2 class=\"elementor-heading-title elementor-size-default\">La b\u00e2che \u00e0 bulles est un manteau qui se pose directement sur l\u2019eau de la piscine. Elle a l\u2019effet d\u2019un double vitrage qui permet \u00e0 l\u2019eau de la piscine de garder une temp\u00e9rature agr\u00e9able et peut m\u00eame l\u2019augmenter si l\u2019on choisi une b\u00e2che \u00e0 bulles solaire.\nLa b\u00e2che \u00e0 bulles est un manteau qui se pose directement sur l\u2019eau de la piscine. Elle a l\u2019effet d\u2019un double vitrage qui permet \u00e0 l\u2019eau de la piscine de garder une temp\u00e9rature agr\u00e9able et peut m\u00eame l\u2019augmenter si l\u2019on choisi une b\u00e2che \u00e0 bulles solaire.\nEn effet, enrouler et d\u00e9rouler votre couverture solaire ne repr\u00e9sentera plus un frein \u00e0 la baignade. Dot\u00e9 d\u2019une manivelle solide en PVC, cet enrouleur pourra \u00eatre install\u00e9 pour toutes les piscines hors-sol de 6 m ou moins de longueur. Les sandows inclus vous permettront d\u2019accrocher facilement votre couverture pour faciliter le mouvement par<\/h2>\t\t<\/div>\n\t\t\t\t<\/div>\n\t\t\t\t<div class=\"elementor-element elementor-element-2f66c77 gallery-spacing-custom elementor-widget elementor-widget-image-gallery\" data-id=\"2f66c77\" data-element_type=\"widget\" data-widget_type=\"image-gallery.default\">\n\t\t\t\t<div class=\"elementor-widget-container\">\n\t\t\t<style>\/*! elementor - v3.11.5 - 14-03-2023 *\/\n.elementor-image-gallery .gallery-item{display:inline-block;text-align:center;vertical-align:top;width:100%;max-width:100%;margin:0 auto}.elementor-image-gallery .gallery-item img{margin:0 auto}.elementor-image-gallery .gallery-item .gallery-caption{margin:0}.elementor-image-gallery figure img{display:block}.elementor-image-gallery figure figcaption{width:100%}.gallery-spacing-custom .elementor-image-gallery .gallery-icon{padding:0}@media (min-width:768px){.elementor-image-gallery .gallery-columns-2 .gallery-item{max-width:50%}.elementor-image-gallery .gallery-columns-3 .gallery-item{max-width:33.33%}.elementor-image-gallery .gallery-columns-4 .gallery-item{max-width:25%}.elementor-image-gallery .gallery-columns-5 .gallery-item{max-width:20%}.elementor-image-gallery .gallery-columns-6 .gallery-item{max-width:16.666%}.elementor-image-gallery .gallery-columns-7 .gallery-item{max-width:14.28%}.elementor-image-gallery .gallery-columns-8 .gallery-item{max-width:12.5%}.elementor-image-gallery .gallery-columns-9 .gallery-item{max-width:11.11%}.elementor-image-gallery .gallery-columns-10 .gallery-item{max-width:10%}}@media (min-width:480px) and (max-width:767px){.elementor-image-gallery .gallery.gallery-columns-2 .gallery-item,.elementor-image-gallery .gallery.gallery-columns-3 .gallery-item,.elementor-image-gallery .gallery.gallery-columns-4 .gallery-item,.elementor-image-gallery .gallery.gallery-columns-5 .gallery-item,.elementor-image-gallery .gallery.gallery-columns-6 .gallery-item,.elementor-image-gallery .gallery.gallery-columns-7 .gallery-item,.elementor-image-gallery .gallery.gallery-columns-8 .gallery-item,.elementor-image-gallery .gallery.gallery-columns-9 .gallery-item,.elementor-image-gallery .gallery.gallery-columns-10 .gallery-item{max-width:50%}}@media (max-width:479px){.elementor-image-gallery .gallery.gallery-columns-2 .gallery-item,.elementor-image-gallery .gallery.gallery-columns-3 .gallery-item,.elementor-image-gallery .gallery.gallery-columns-4 .gallery-item,.elementor-image-gallery .gallery.gallery-columns-5 .gallery-item,.elementor-image-gallery .gallery.gallery-columns-6 .gallery-item,.elementor-image-gallery .gallery.gallery-columns-7 .gallery-item,.elementor-image-gallery .gallery.gallery-columns-8 .gallery-item,.elementor-image-gallery .gallery.gallery-columns-9 .gallery-item,.elementor-image-gallery .gallery.gallery-columns-10 .gallery-item{max-width:100%}}<\/style>\t\t<div class=\"elementor-image-gallery\">\n\t\t\t\n\t\t<style type=\"text\/css\">\n\t\t\t#gallery-1 {\n\t\t\t\tmargin: auto;\n\t\t\t}\n\t\t\t#gallery-1 .gallery-item {\n\t\t\t\tfloat: left;\n\t\t\t\tmargin-top: 10px;\n\t\t\t\ttext-align: center;\n\t\t\t\twidth: 33%;\n\t\t\t}\n\t\t\t#gallery-1 img {\n\t\t\t\tborder: 2px solid #cfcfcf;\n\t\t\t}\n\t\t\t#gallery-1 .gallery-caption {\n\t\t\t\tmargin-left: 0;\n\t\t\t}\n\t\t\t\/* see gallery_shortcode() in wp-includes\/media.php *\/\n\t\t<\/style>\n\t\t<div id='gallery-1' class='gallery galleryid-6074 gallery-columns-3 gallery-size-full'><dl class='gallery-item'>\n\t\t\t<dt class='gallery-icon portrait'>\n\t\t\t\t<img width=\"958\" height=\"1280\" src=\"https:\/\/sbtglobale.com\/wp-content\/uploads\/2023\/03\/IMG-20220929-WA0016.jpg\" class=\"attachment-full size-full\" alt=\"\" decoding=\"async\" loading=\"lazy\" srcset=\"https:\/\/sbtglobale.com\/wp-content\/uploads\/2023\/03\/IMG-20220929-WA0016.jpg 958w, https:\/\/sbtglobale.com\/wp-content\/uploads\/2023\/03\/IMG-20220929-WA0016-225x300.jpg 225w, https:\/\/sbtglobale.com\/wp-content\/uploads\/2023\/03\/IMG-20220929-WA0016-766x1024.jpg 766w, https:\/\/sbtglobale.com\/wp-content\/uploads\/2023\/03\/IMG-20220929-WA0016-768x1026.jpg 768w\" sizes=\"(max-width: 958px) 100vw, 958px\" \/>\n\t\t\t<\/dt><\/dl><dl class='gallery-item'>\n\t\t\t<dt class='gallery-icon portrait'>\n\t\t\t\t<img width=\"439\" height=\"598\" src=\"https:\/\/sbtglobale.com\/wp-content\/uploads\/2023\/03\/b7ebcd9f5212546cee643970f921a798.jpg\" class=\"attachment-full size-full\" alt=\"\" decoding=\"async\" loading=\"lazy\" srcset=\"https:\/\/sbtglobale.com\/wp-content\/uploads\/2023\/03\/b7ebcd9f5212546cee643970f921a798.jpg 439w, https:\/\/sbtglobale.com\/wp-content\/uploads\/2023\/03\/b7ebcd9f5212546cee643970f921a798-220x300.jpg 220w\" sizes=\"(max-width: 439px) 100vw, 439px\" \/>\n\t\t\t<\/dt><\/dl><dl class='gallery-item'>\n\t\t\t<dt class='gallery-icon portrait'>\n\t\t\t\t<img width=\"780\" height=\"1040\" src=\"https:\/\/sbtglobale.com\/wp-content\/uploads\/2023\/03\/IMG-20220730-WA0025.jpg\" class=\"attachment-full size-full\" alt=\"\" decoding=\"async\" loading=\"lazy\" srcset=\"https:\/\/sbtglobale.com\/wp-content\/uploads\/2023\/03\/IMG-20220730-WA0025.jpg 780w, https:\/\/sbtglobale.com\/wp-content\/uploads\/2023\/03\/IMG-20220730-WA0025-225x300.jpg 225w, https:\/\/sbtglobale.com\/wp-content\/uploads\/2023\/03\/IMG-20220730-WA0025-768x1024.jpg 768w\" sizes=\"(max-width: 780px) 100vw, 780px\" \/>\n\t\t\t<\/dt><\/dl><br style=\"clear: both\" \/>\n\t\t<\/div>\n\t\t<\/div>\n\t\t\t\t<\/div>\n\t\t\t\t<\/div>\n\t\t\t\t\t<\/div>\n\t\t<\/div>\n\t\t\t\t\t\t\t<\/div>\n\t\t<\/section>\n\t\t\t\t\t\t\t<\/div>\n\t\t","protected":false},"excerpt":{"rendered":"<p>b\u00e2che de piscine La b\u00e2che \u00e0 bulles est un manteau qui se pose directement sur l\u2019eau de la piscine. Elle a l\u2019effet d\u2019un double vitrage qui permet \u00e0 l\u2019eau de la piscine de garder une temp\u00e9rature agr\u00e9able et peut m\u00eame l\u2019augmenter si l\u2019on choisi une b\u00e2che \u00e0 bulles solaire. La b\u00e2che \u00e0 bulles est un [&hellip;]<\/p>\n","protected":false},"author":1,"featured_media":0,"parent":0,"menu_order":0,"comment_status":"closed","ping_status":"closed","template":"","meta":{"_joinchat":[]},"_links":{"self":[{"href":"https:\/\/sbtglobale.com\/index.php?rest_route=\/wp\/v2\/pages\/6074"}],"collection":[{"href":"https:\/\/sbtglobale.com\/index.php?rest_route=\/wp\/v2\/pages"}],"about":[{"href":"https:\/\/sbtglobale.com\/index.php?rest_route=\/wp\/v2\/types\/page"}],"author":[{"embeddable":true,"href":"https:\/\/sbtglobale.com\/index.php?rest_route=\/wp\/v2\/users\/1"}],"replies":[{"embeddable":true,"href":"https:\/\/sbtglobale.com\/index.php?rest_route=%2Fwp%2Fv2%2Fcomments&post=6074"}],"version-history":[{"count":5,"href":"https:\/\/sbtglobale.com\/index.php?rest_route=\/wp\/v2\/pages\/6074\/revisions"}],"predecessor-version":[{"id":6083,"href":"https:\/\/sbtglobale.com\/index.php?rest_route=\/wp\/v2\/pages\/6074\/revisions\/6083"}],"wp:attachment":[{"href":"https:\/\/sbtglobale.com\/index.php?rest_route=%2Fwp%2Fv2%2Fmedia&parent=6074"}],"curies":[{"name":"wp","href":"https:\/\/api.w.org\/{rel}","templated":true}]}}